{"id":1193,"date":"2021-05-31T11:17:31","date_gmt":"2021-05-31T09:17:31","guid":{"rendered":"https:\/\/www.ttgranollers.com\/?page_id=1193"},"modified":"2024-07-03T12:11:07","modified_gmt":"2024-07-03T10:11:07","slug":"aviso-legal","status":"publish","type":"page","link":"https:\/\/www.ttgranollers.com\/fr\/aviso-legal\/","title":{"rendered":"Avis juridique"},"content":{"rendered":"<p>[et_pb_section fb_built=\u00a0\u00bb1&Prime; _builder_version=\u00a0\u00bb4.16&Prime; _module_preset=\u00a0\u00bbdefault\u00a0\u00bb global_colors_info=\u00a0\u00bb{}\u00a0\u00bb][et_pb_row _builder_version=\u00a0\u00bb4.16&Prime; _module_preset=\u00a0\u00bbdefault\u00a0\u00bb locked=\u00a0\u00bboff\u00a0\u00bb global_colors_info=\u00a0\u00bb{}\u00a0\u00bb][et_pb_column type=\u00a0\u00bb4_4&Prime; _builder_version=\u00a0\u00bb4.16&Prime; _module_preset=\u00a0\u00bbdefault\u00a0\u00bb global_colors_info=\u00a0\u00bb{}\u00a0\u00bb][et_pb_text _builder_version=\u00a0\u00bb4.26.0&Prime; _module_preset=\u00a0\u00bbdefault\u00a0\u00bb custom_padding=\u00a0\u00bb|||7px||\u00a0\u00bb global_colors_info=\u00a0\u00bb{}\u00a0\u00bb]<\/p>\n<h1><\/h1>\n<p>&nbsp;<\/p>\n<h1>avis juridique<\/h1>\n<p>&nbsp;<\/p>\n<h2>dONN\u00c9S D&rsquo;IDENTIFICATION<\/h2>\n<p>&nbsp;<\/p>\n<p>Vous visitez le site Web sous le domaine TTGRANOLLERS.COM appartenant \u00e0 TT GRANOLLERS.<\/p>\n<p>\u2022\u00a0\u00a0\u00a0\u00a0\u00a0\u00a0\u00a0\u00a0<strong>Raison sociale:\u00a0 \u00a0<\/strong>TRAITEMENTS THERMIQUES GRANOLLERS, S.A.<\/p>\n<p>\u2022\u00a0\u00a0\u00a0\u00a0\u00a0\u00a0\u00a0 <strong>Si\u00e9ge social:\u00a0 \u00a0<\/strong>Cam\u00ed del Cementiri 3-5, Pol\u00edgon El Remassar Nord, 08402 Granollers (Barcelone)<\/p>\n<p>\u2022\u00a0\u00a0\u00a0\u00a0\u00a0\u00a0\u00a0\u00a0<strong>NIF:<\/strong>\u00a0 \u00a0A08301897<\/p>\n<p>\u2022\u00a0 \u00a0 \u00a0 \u00a0 <strong>T\u00e9l\u00e9phone:\u00a0 \u00a0<\/strong>938 490 644<\/p>\n<p>\u2022\u00a0 \u00a0 \u00a0 \u00a0 <strong>Courrier \u00e9lectronique:\u00a0 \u00a0<\/strong>ttg@ttgranollers.com<\/p>\n<p>\u2022\u00a0 \u00a0 \u00a0 \u00a0 <strong>Donn\u00e9es commerciales:\u00a0 \u00a0<\/strong>Soci\u00e9t\u00e9 anonyme inscrite au registre du commerce de Barcelone,<\/p>\n<p><strong>Feuille:<\/strong> 22216, Folio: 64, Volume: 2190.<\/p>\n<p>&nbsp;<\/p>\n<p>&nbsp;<\/p>\n<h2>ACCEPTATION PAR L&rsquo;UTILISATEUR<\/h2>\n<p>&nbsp;<\/p>\n<p>Le pr\u00e9sent avis juridique r\u00e9git l&rsquo;acc\u00e8s et l&rsquo;utilisation du site Web sous le domaine TTGRANOLLERS.COM (ci-apr\u00e8s le \u00absite Web\u00bb) que TT GRANOLLERS met \u00e0 disposition des internautes. L&rsquo;utilisateur s&rsquo;entend de la personne qui acc\u00e8de, navigue, utilise ou participe aux services et activit\u00e9s de ce site Web.<\/p>\n<p>Ce site est conforme aux dispositions de la loi 34\/2002 du 11 juillet sur les services de la soci\u00e9t\u00e9 de l&rsquo;information et du commerce \u00e9lectronique et \u00e0 la l\u00e9gislation en vigueur sur la protection des donn\u00e9es personnelles<\/p>\n<p>TT GRANOLLERS peut modifier \u00e0 tout moment et sans pr\u00e9avis, la conception, la pr\u00e9sentation et \/ ou la configuration du site Web, ainsi que tout ou partie des services, et ajouter de nouveaux services.<\/p>\n<p>L&rsquo;utilisation de ce site Web implique l&rsquo;acceptation pleine et enti\u00e8re des dispositions incluses dans les pr\u00e9sentes mentions l\u00e9gales et conditions g\u00e9n\u00e9rales d&rsquo;utilisation dans la version publi\u00e9e par TT GRANOLLERS au moment o\u00f9 l&rsquo;utilisateur acc\u00e8de au site Web.<\/p>\n<p>L&rsquo;utilisation de certains services propos\u00e9s aux Utilisateurs via le Site Web peut \u00eatre soumise \u00e0 leurs propres conditions particuli\u00e8res qui, selon le cas, remplacent, compl\u00e8tent et \/ ou modifient les pr\u00e9sentes Conditions G\u00e9n\u00e9rales d&rsquo;Utilisation. L&rsquo;utilisateur doit \u00e9galement lire attentivement et accepter les conditions sp\u00e9cifiques correspondantes.<\/p>\n<p>&nbsp;<\/p>\n<h2>conditions generales d&rsquo;utilisation<\/h2>\n<p>&nbsp;<\/p>\n<p>L&rsquo;acc\u00e8s au site Web par les utilisateurs est gratuit et gratuit, et toute utilisation autre que la finalit\u00e9 de ce site Web est express\u00e9ment interdite.<\/p>\n<p>L&rsquo;utilisateur s&rsquo;engage \u00e0 en faire un usage diligent et aux services accessibles \u00e0 partir de ce site Web, ainsi qu&rsquo;\u00e0 maintenir le respect des autres utilisateurs.<\/p>\n<p>Entre autres, cet engagement implique que:<\/p>\n<p>\u00b7\u00a0\u00a0\u00a0\u00a0\u00a0\u00a0L&rsquo;utilisateur s&rsquo;engage \u00e0 utiliser le site, les contenus et services dans le plein respect de la loi, des bonnes coutumes et des pr\u00e9sentes conditions d&rsquo;utilisation et, le cas \u00e9ch\u00e9ant, des conditions particuli\u00e8res,<\/p>\n<p>De la m\u00eame mani\u00e8re, l&rsquo;Utilisateur s&rsquo;engage \u00e0 ne pas utiliser le site Web ou les services fournis par son interm\u00e9diaire \u00e0 des fins ou effets ill\u00e9gaux ou contraires au contenu du pr\u00e9sent avis juridique, pr\u00e9judiciable aux int\u00e9r\u00eats ou aux droits de tiers, ou \u00e0 ceux de toute forme pouvant endommager, d\u00e9sactiver ou d\u00e9t\u00e9riorer le site Web ou ses services ou emp\u00eacher la jouissance normale du site Web par d&rsquo;autres utilisateurs.<\/p>\n<p>\u00b7<br \/>L&rsquo;utilisateur s&rsquo;engage express\u00e9ment \u00e0 ne pas d\u00e9truire, alt\u00e9rer, d\u00e9sactiver ou, de toute autre mani\u00e8re, endommager les donn\u00e9es, programmes ou documents \u00e9lectroniques et autres pr\u00e9sents sur le site.<\/p>\n<p>\u00b7\u00a0\u00a0\u00a0\u00a0\u00a0\u00a0L&rsquo;utilisateur s&rsquo;engage \u00e0 ne pas entraver l&rsquo;acc\u00e8s des autres utilisateurs au service d&rsquo;acc\u00e8s par la consommation massive des ressources informatiques \u00e0 travers lesquelles TT GRANOLLERS fournit le service, ainsi qu&rsquo;\u00e0 effectuer des actions qui endommagent, interrompent ou g\u00e9n\u00e8rent des erreurs dans lesdits syst\u00e8mes ou services. .<\/p>\n<p>\u00b7<br \/>L&rsquo;utilisateur s&rsquo;engage \u00e0 ne pas introduire de programmes, virus, macros, applets, contr\u00f4les ActiveX ou tout autre dispositif logique ou s\u00e9quence de caract\u00e8res qui causent ou sont susceptibles de provoquer tout type d&rsquo;alt\u00e9ration dans les syst\u00e8mes informatiques de TT GRANOLLERS ou de tiers.<\/p>\n<p>\u00b7\u00a0\u00a0\u00a0\u00a0\u00a0\u00a0\u00a0L&rsquo;utilisateur s&rsquo;engage \u00e0 ne pas obtenir d&rsquo;informations, messages, graphiques, dessins, fichiers sonores et \/ ou images, photographies, enregistrements, logiciels et en g\u00e9n\u00e9ral, tout type de mat\u00e9riel accessible via le site Web ou les services qui y sont propos\u00e9s.<\/p>\n<p>\u00b7\u00a0\u00a0\u00a0\u00a0\u00a0\u00a0L&rsquo;utilisateur s&rsquo;engage \u00e0 faire un usage appropri\u00e9 des contenus et services (tels que commentaires, forums d&rsquo;opinion ou pages ouvertes au lecteur) que TT GRANOLLERS propose sur son site internet et \u00e0 ne pas les utiliser pour se livrer \u00e0 des activit\u00e9s ill\u00e9gales ou contraires \u00e0 la bonne foi et le syst\u00e8me juridique; Diffuser du contenu ou de la propagande de nature raciste, x\u00e9nophobe, pornographique-ill\u00e9gale, pr\u00f4nant le terrorisme ou violant les droits de l&rsquo;homme.<\/p>\n<p>\u00b7\u00a0\u00a0\u00a0\u00a0\u00a0\u00a0\u00a0Conform\u00e9ment \u00e0 la politique anti-spam de TT GRANOLLERS , l&rsquo;utilisateur s&rsquo;engage \u00e0 s&rsquo;abstenir d&rsquo;utiliser et de collecter des donn\u00e9es \u00e0 partir de listes de distribution accessibles via les informations et services contenus sur le site Web pour mener des activit\u00e9s promotionnelles. ou \u00e0 des fins publicitaires ainsi que pour envoyer des communications commerciales de toute nature et par le biais de tout support non demand\u00e9 ou pr\u00e9alablement accept\u00e9 par TT GRANOLLERS et \/ ou les parties int\u00e9ress\u00e9es.<\/p>\n<p>L&rsquo;Utilisateur qui viole intentionnellement ou coupablement l&rsquo;une des obligations et engagements ci-dessus sera responsable de tous les dommages caus\u00e9s.<\/p>\n<p>&nbsp;<\/p>\n<p>&nbsp;<\/p>\n<h2>LIMITATION DES GARANTIES ET RESPONSABILIT\u00c9S<\/h2>\n<p>&nbsp;<\/p>\n<p>TT GRANOLLERS s&rsquo;engage \u00e0 faire ses meilleurs efforts pour \u00e9viter toute erreur dans le contenu pouvant appara\u00eetre sur le site. Dans tous les cas, TT GRANOLLERS sera exon\u00e9r\u00e9 de toute responsabilit\u00e9 pour les dommages de toute nature qui pourraient \u00eatre dus \u00e0 un manque d&rsquo;exactitude, d&rsquo;exhaustivit\u00e9, de ponctualit\u00e9, ainsi que d&rsquo;erreurs ou d&rsquo;omissions dont les informations et les services contenus dans ce document pourraient souffrir. ou tout autre contenu auquel il peut acc\u00e9der, et n&rsquo;assume aucun devoir ou engagement de v\u00e9rifier ou de surveiller son contenu et ses informations.<\/p>\n<p>AEn plus, TT GRANOLLERS ne garantit pas la disponibilit\u00e9, la continuit\u00e9 ou l&rsquo;infaillibilit\u00e9 du fonctionnement du site Web, et exclut par cons\u00e9quent, dans la mesure maximale permise par la l\u00e9gislation en vigueur, toute responsabilit\u00e9 pour les dommages de toute nature qui pourraient \u00eatre dus \u00e0 un manque de disponibilit\u00e9 ou \u00e0 un manque de continuit\u00e9 du le fonctionnement du site Web et des services qui y sont activ\u00e9s, ainsi que des erreurs d&rsquo;acc\u00e8s aux diff\u00e9rentes pages Web ou \u00e0 partir desquelles, le cas \u00e9ch\u00e9ant, lesdits services sont fournis.<\/p>\n<p>TT GRANOLLERS Il ne garantit pas non plus que le site Web et le serveur sont exempts de virus et n&rsquo;est pas responsable des \u00e9ventuels dommages ou pertes pouvant r\u00e9sulter d&rsquo;interf\u00e9rences, d&rsquo;omissions, d&rsquo;interruptions, de virus informatiques, de pannes t\u00e9l\u00e9phoniques ou de d\u00e9connexions dans le fonctionnement op\u00e9rationnel de ce syst\u00e8me \u00e9lectronique. , motiv\u00e9s par des causes ind\u00e9pendantes de la volont\u00e9 de TT GRANOLLERS, des retards ou des blocages dans l&rsquo;utilisation de ce syst\u00e8me \u00e9lectronique caus\u00e9s par des d\u00e9faillances des lignes t\u00e9l\u00e9phoniques ou des surcharges du syst\u00e8me Internet ou d&rsquo;autres syst\u00e8mes \u00e9lectroniques, ainsi que des dommages pouvant \u00eatre caus\u00e9s par des tiers. personnes par ing\u00e9rence ill\u00e9gitime hors du contr\u00f4le de TT GRANOLLERS.<\/p>\n<p>TT GRANOLLERSexclut toute responsabilit\u00e9 pour les dommages de toute nature qui pourraient \u00eatre dus aux services fournis par des tiers via ce site Web ainsi que les moyens qu&rsquo;ils permettent de g\u00e9rer les demandes de services, et notamment, \u00e0 titre d&rsquo;exemple et non de limitation: pour les actes de concurrence d\u00e9loyale et la publicit\u00e9 ill\u00e9gale r\u00e9sultant de la fourniture de services par des tiers via le site Web, ainsi que le manque de v\u00e9racit\u00e9, d&rsquo;exactitude, d&rsquo;exhaustivit\u00e9, de vices, de d\u00e9fauts, de pertinence et \/ ou d&rsquo;actualit\u00e9 du contenu transmis, diffus\u00e9, stock\u00e9, re\u00e7u, obtenus, mis \u00e0 disposition ou accessibles via les services fournis par des tiers via ce site Web.<\/p>\n<p>&nbsp;<\/p>\n<p>&nbsp;<\/p>\n<h2>propri\u00e9t\u00e9 intellectuelle et industrielle<\/h2>\n<p>&nbsp;<\/p>\n<p>Tous les droits de propri\u00e9t\u00e9 industrielle et intellectuelle de ce site et de son contenu (textes, images, sons, audio, vid\u00e9o, dessins, cr\u00e9ations, logiciels) appartiennent, en tant qu&rsquo;auteur d&rsquo;une \u0153uvre collective ou en tant que cessionnaire, \u00e0 TT GRANOLLERS ou, dans votre cas, \u00e0 des tiers.<\/p>\n<p>La reproduction, la distribution et la communication publique, y compris le mode de mise \u00e0 disposition, de tout ou partie du contenu de ce site, \u00e0 quelque fin que ce soit, sur tout support et par tout moyen technique, sans autorisation, sont express\u00e9ment interdites. Par TT GRANOLLERS .<\/p>\n<p>L&rsquo;utilisateur s&rsquo;engage \u00e0 respecter les droits de propri\u00e9t\u00e9 industrielle et intellectuelle d\u00e9tenus par TT GRANOLLERS et des tiers.<\/p>\n<p>L&rsquo;utilisateur peut visualiser tous les \u00e9l\u00e9ments, les imprimer, les copier et les stocker sur le disque dur de son ordinateur ou sur tout autre support physique \u00e0 condition que ce soit, uniquement et exclusivement, pour son usage personnel et priv\u00e9, \u00e9tant, par cons\u00e9quent, interdit strictement leur utilisation \u00e0 d&rsquo;autres fins, sa distribution, ainsi que sa modification, alt\u00e9ration ou d\u00e9compilation.<\/p>\n<p>L&rsquo;utilit\u00e9 est de visualiser tous les \u00e9l\u00e9ments, l&rsquo;impression, la copie et le stockage sur le disque pendant l&rsquo;ordinateur ou sur le support physique \u00e0 condition qu&rsquo;il soit, uniquement et exclusivement, \u00e0 usage personnel et priv\u00e9. Par cons\u00e9quent, interdit strictement leur utilisation \u00e0 d&rsquo;autres fins, sa distribution, m\u00eame s&rsquo;il s&rsquo;agit de modification, d&rsquo;alt\u00e9ration ou de d\u00e9compilation.<\/p>\n<p>&nbsp;<\/p>\n<p>&nbsp;<\/p>\n<h2>LIENS TIERS<\/h2>\n<p>&nbsp;<\/p>\n<p>Dans le cas o\u00f9 le site Web contient des liens ou des hyperliens vers d&rsquo;autres endroits sur Internet, TT GRANOLLERS n&rsquo;exercera aucun type de contr\u00f4le sur ces lieux et contenus.<\/p>\n<p>En aucun cas TT GRANOLLERS n&rsquo;assumera aucune responsabilit\u00e9 pour le contenu de tout lien appartenant \u00e0 un site Web tiers, ni ne garantira la disponibilit\u00e9 technique, la qualit\u00e9, la fiabilit\u00e9, l&rsquo;exactitude, l&rsquo;\u00e9tendue, la v\u00e9racit\u00e9 ou la validit\u00e9 de tout mat\u00e9riel ou information contenu dans l&rsquo;un des les hyperliens ou d&rsquo;autres endroits sur Internet.<\/p>\n<p>Ces liens sont fournis uniquement pour informer l&rsquo;utilisateur de l&rsquo;existence d&rsquo;autres sources d&rsquo;informations sur un sujet sp\u00e9cifique, et l&rsquo;inclusion d&rsquo;un lien n&rsquo;implique pas l&rsquo;approbation de la page Web li\u00e9e par TT GRANOLLERS.<\/p>\n<p>TT GRANOLLERS autorise uniquement la mention de son contenu sur d&rsquo;autres sites, avec le traitement qu&rsquo;ils consid\u00e8rent comme respectueux, conforme \u00e0 la l\u00e9gislation en vigueur et en aucun cas reproduire, sans autorisation, le contenu de TT GRANOLLERS.<\/p>\n<p>&nbsp;<\/p>\n<p>&nbsp;<\/p>\n<h2>protection des donn\u00e9s personnelles<\/h2>\n<p>&nbsp;<\/p>\n<p>TT GRANOLLERS adopte les mesures techniques et organisationnelles n\u00e9cessaires pour garantir la protection des donn\u00e9es personnelles et \u00e9viter leur alt\u00e9ration, perte, traitement et \/ ou acc\u00e8s non autoris\u00e9, en tenant compte de l&rsquo;\u00e9tat de la technologie, de la nature des donn\u00e9es stock\u00e9es et des risques auxquels elles sont expos\u00e9s. Tout cela, conform\u00e9ment aux dispositions de la l\u00e9gislation en vigueur sur la protection des donn\u00e9es personnelles.<\/p>\n<p>L&rsquo;utilisateur peut fournir \u00e0 TT GRANOLLERS ses donn\u00e9es personnelles via les diff\u00e9rents formulaires qui apparaissent sur le site \u00e0 cet effet. Ces formulaires incluent un lien vers la Politique de confidentialit\u00e9 .<\/p>\n<p>De m\u00eame, TT GRANOLLERS peut obtenir des donn\u00e9es personnelles provenant de votre navigation et \/ ou de votre utilisation de ce site Web, conform\u00e9ment \u00e0 notre politique de confidentialit\u00e9.<\/p>\n<p>Veuillez lire attentivement notre Politique de confidentialit\u00e9 avant de fournir vos donn\u00e9es personnelles.<\/p>\n<p>&nbsp;<\/p>\n<p>&nbsp;<\/p>\n<h2>utilisation de cookies<\/h2>\n<p>&nbsp;<\/p>\n<p>Ce site Web, comme la plupart des sites Web sur Internet, utilise des cookies pour am\u00e9liorer l&rsquo;exp\u00e9rience utilisateur. Dans notre Politique de cookies , vous trouverez des informations sur ce que sont les cookies, quel type de cookies ce portail utilise, comment vous pouvez d\u00e9sactiver les cookies dans votre navigateur et comment d\u00e9sactiver sp\u00e9cifiquement l&rsquo;installation de cookies tiers.<\/p>\n<p>Veuillez lire attentivement notre Politique relative aux cookies avant de continuer \u00e0 naviguer sur notre site Web.<\/p>\n<p>&nbsp;<\/p>\n<p>&nbsp;<\/p>\n<h2>modification des condition de la mention l\u00e9gale<\/h2>\n<p>&nbsp;<\/p>\n<p>TT GRANOLLERS se r\u00e9serve express\u00e9ment le droit de modifier les pr\u00e9sentes mentions l\u00e9gales sans notification pr\u00e9alable. En cons\u00e9quence, l&rsquo;Utilisateur doit lire attentivement les pr\u00e9sentes Mentions L\u00e9gales \u00e0 chaque fois que le site est utilis\u00e9, car ces Mentions L\u00e9gales peuvent \u00eatre modifi\u00e9es.<\/p>\n<p>L&rsquo;utilisateur reconna\u00eet et accepte qu&rsquo;il est de sa responsabilit\u00e9 de consulter le site Web et le pr\u00e9sent avis juridique.<\/p>\n<p>&nbsp;<\/p>\n<p>&nbsp;<\/p>\n<h2>loi et juridiction<\/h2>\n<p>&nbsp;<\/p>\n<p>Tous les probl\u00e8mes qui surviennent entre TT GRANOLLERS et l&rsquo;utilisateur concernant l&rsquo;interpr\u00e9tation, la conformit\u00e9 et la validit\u00e9 de cet avis juridique seront r\u00e9gis par leurs propres clauses et, dans ce qui n&rsquo;est pas pr\u00e9vu dans celles-ci, conform\u00e9ment \u00e0 la l\u00e9gislation espagnole, en soumettant express\u00e9ment les parties \u00e0 la comp\u00e9tence des Tribunaux du domicile de TT GRANOLLERS.\u00a0<\/p>\n<p>[\/et_pb_text][\/et_pb_column][\/et_pb_row][\/et_pb_section]<\/p>\n","protected":false},"excerpt":{"rendered":"<p>&nbsp; avis juridique &nbsp; dONN\u00c9S D&rsquo;IDENTIFICATION &nbsp; Vous visitez le site Web sous le domaine TTGRANOLLERS.COM appartenant \u00e0 TT GRANOLLERS. \u2022\u00a0\u00a0\u00a0\u00a0\u00a0\u00a0\u00a0\u00a0Raison sociale:\u00a0 \u00a0TRAITEMENTS THERMIQUES GRANOLLERS, S.A. \u2022\u00a0\u00a0\u00a0\u00a0\u00a0\u00a0\u00a0 Si\u00e9ge social:\u00a0 \u00a0Cam\u00ed del Cementiri 3-5, Pol\u00edgon El Remassar Nord, 08402 Granollers (Barcelone) \u2022\u00a0\u00a0\u00a0\u00a0\u00a0\u00a0\u00a0\u00a0NIF:\u00a0 \u00a0A08301897 \u2022\u00a0 \u00a0 \u00a0 \u00a0 T\u00e9l\u00e9phone:\u00a0 \u00a0938 490 644 \u2022\u00a0 \u00a0 \u00a0 \u00a0 Courrier [&hellip;]<\/p>\n","protected":false},"author":7,"featured_media":0,"parent":0,"menu_order":0,"comment_status":"closed","ping_status":"closed","template":"","meta":{"_et_pb_use_builder":"on","_et_pb_old_content":"","_et_gb_content_width":"","footnotes":""},"class_list":["post-1193","page","type-page","status-publish","hentry"],"_links":{"self":[{"href":"https:\/\/www.ttgranollers.com\/fr\/wp-json\/wp\/v2\/pages\/1193","targetHints":{"allow":["GET"]}}],"collection":[{"href":"https:\/\/www.ttgranollers.com\/fr\/wp-json\/wp\/v2\/pages"}],"about":[{"href":"https:\/\/www.ttgranollers.com\/fr\/wp-json\/wp\/v2\/types\/page"}],"author":[{"embeddable":true,"href":"https:\/\/www.ttgranollers.com\/fr\/wp-json\/wp\/v2\/users\/7"}],"replies":[{"embeddable":true,"href":"https:\/\/www.ttgranollers.com\/fr\/wp-json\/wp\/v2\/comments?post=1193"}],"version-history":[{"count":12,"href":"https:\/\/www.ttgranollers.com\/fr\/wp-json\/wp\/v2\/pages\/1193\/revisions"}],"predecessor-version":[{"id":2846,"href":"https:\/\/www.ttgranollers.com\/fr\/wp-json\/wp\/v2\/pages\/1193\/revisions\/2846"}],"wp:attachment":[{"href":"https:\/\/www.ttgranollers.com\/fr\/wp-json\/wp\/v2\/media?parent=1193"}],"curies":[{"name":"wp","href":"https:\/\/api.w.org\/{rel}","templated":true}]}}