{"id":1189,"date":"2021-05-31T11:16:51","date_gmt":"2021-05-31T09:16:51","guid":{"rendered":"https:\/\/www.ttgranollers.com\/?page_id=1189"},"modified":"2024-07-03T12:10:28","modified_gmt":"2024-07-03T10:10:28","slug":"politique-de-qualite","status":"publish","type":"page","link":"https:\/\/www.ttgranollers.com\/fr\/politique-de-qualite\/","title":{"rendered":"Politique de qualit\u00e9"},"content":{"rendered":"<p>[et_pb_section fb_built=\u00a0\u00bb1&Prime; _builder_version=\u00a0\u00bb4.16&Prime; _module_preset=\u00a0\u00bbdefault\u00a0\u00bb global_colors_info=\u00a0\u00bb{}\u00a0\u00bb][et_pb_row _builder_version=\u00a0\u00bb4.16&Prime; _module_preset=\u00a0\u00bbdefault\u00a0\u00bb locked=\u00a0\u00bboff\u00a0\u00bb global_colors_info=\u00a0\u00bb{}\u00a0\u00bb][et_pb_column type=\u00a0\u00bb4_4&Prime; _builder_version=\u00a0\u00bb4.16&Prime; _module_preset=\u00a0\u00bbdefault\u00a0\u00bb global_colors_info=\u00a0\u00bb{}\u00a0\u00bb][et_pb_text _builder_version=\u00a0\u00bb4.26.0&Prime; _module_preset=\u00a0\u00bbdefault\u00a0\u00bb hover_enabled=\u00a0\u00bb0&Prime; global_colors_info=\u00a0\u00bb{}\u00a0\u00bb custom_padding=\u00a0\u00bb|||7px||\u00a0\u00bb sticky_enabled=\u00a0\u00bb0&Prime;]<\/p>\n<h1><\/h1>\n<p>&nbsp;<\/p>\n<h1>POlitique de qualit\u00e9<\/h1>\n<p>&nbsp;<\/p>\n<p>Tratamientos T\u00e9rmicos Granollers, S.A., est une entreprise d\u00e9di\u00e9e aux traitements thermiques effectu\u00e9s \u00e0 la fois dans nos installations et dans les installations de nos clients.<\/p>\n<p>Nous proposons des solutions int\u00e9grales en traitements thermiques (stabilis\u00e9s, recuits, normalis\u00e9s, &#8230;), ainsi que des traitements de surface (sablage, appr\u00eats et peintures).<\/p>\n<p>La base pour atteindre un engagement permanent envers la qualit\u00e9 de nos traitements et du service que nous offrons et pour r\u00e9pondre aux exigences de nos clients et aux r\u00e9glementations qui nous sont applicables sont d\u00e9finies dans les concepts suivants :<\/p>\n<p>-Flexibilit\u00e9: s&rsquo;adapter en permanence aux demandes du march\u00e9, en obtenant une satisfaction et une fid\u00e9lit\u00e9 maximales des clients.<\/p>\n<p>-Agilit\u00e9: pour apporter une r\u00e9ponse efficace aux besoins de livraison de nos clients.<\/p>\n<p>-Implication de tout notre personnel, \u00e0 travers la participation \u00e0 l&rsquo;am\u00e9lioration continue, la sensibilisation et la motivation.<br \/>\nCette politique est communiqu\u00e9e en interne et en externe \u00e0 toutes nos parties int\u00e9ress\u00e9es et sert de r\u00e9f\u00e9rence pour la fixation des objectifs qualit\u00e9 annuels.<\/p>\n<p>&nbsp;[\/et_pb_text][\/et_pb_column][\/et_pb_row][\/et_pb_section]<\/p>\n","protected":false},"excerpt":{"rendered":"<p>&nbsp; POlitique de qualit\u00e9 &nbsp; Tratamientos T\u00e9rmicos Granollers, S.A., est une entreprise d\u00e9di\u00e9e aux traitements thermiques effectu\u00e9s \u00e0 la fois dans nos installations et dans les installations de nos clients. Nous proposons des solutions int\u00e9grales en traitements thermiques (stabilis\u00e9s, recuits, normalis\u00e9s, &#8230;), ainsi que des traitements de surface (sablage, appr\u00eats et peintures). La base pour [&hellip;]<\/p>\n","protected":false},"author":7,"featured_media":0,"parent":0,"menu_order":0,"comment_status":"closed","ping_status":"closed","template":"","meta":{"_et_pb_use_builder":"on","_et_pb_old_content":"","_et_gb_content_width":"","footnotes":""},"class_list":["post-1189","page","type-page","status-publish","hentry"],"_links":{"self":[{"href":"https:\/\/www.ttgranollers.com\/fr\/wp-json\/wp\/v2\/pages\/1189","targetHints":{"allow":["GET"]}}],"collection":[{"href":"https:\/\/www.ttgranollers.com\/fr\/wp-json\/wp\/v2\/pages"}],"about":[{"href":"https:\/\/www.ttgranollers.com\/fr\/wp-json\/wp\/v2\/types\/page"}],"author":[{"embeddable":true,"href":"https:\/\/www.ttgranollers.com\/fr\/wp-json\/wp\/v2\/users\/7"}],"replies":[{"embeddable":true,"href":"https:\/\/www.ttgranollers.com\/fr\/wp-json\/wp\/v2\/comments?post=1189"}],"version-history":[{"count":6,"href":"https:\/\/www.ttgranollers.com\/fr\/wp-json\/wp\/v2\/pages\/1189\/revisions"}],"predecessor-version":[{"id":2844,"href":"https:\/\/www.ttgranollers.com\/fr\/wp-json\/wp\/v2\/pages\/1189\/revisions\/2844"}],"wp:attachment":[{"href":"https:\/\/www.ttgranollers.com\/fr\/wp-json\/wp\/v2\/media?parent=1189"}],"curies":[{"name":"wp","href":"https:\/\/api.w.org\/{rel}","templated":true}]}}