{"id":1187,"date":"2021-05-31T11:16:32","date_gmt":"2021-05-31T09:16:32","guid":{"rendered":"https:\/\/www.ttgranollers.com\/?page_id=1187"},"modified":"2024-07-03T12:39:11","modified_gmt":"2024-07-03T10:39:11","slug":"politique-de-confidentialite","status":"publish","type":"page","link":"https:\/\/www.ttgranollers.com\/fr\/politique-de-confidentialite\/","title":{"rendered":"Politique de confidentialit\u00e9"},"content":{"rendered":"<p>[et_pb_section fb_built=\u00a0\u00bb1&Prime; admin_label=\u00a0\u00bbsection\u00a0\u00bb _builder_version=\u00a0\u00bb4.16&Prime; global_colors_info=\u00a0\u00bb{}\u00a0\u00bb][et_pb_row admin_label=\u00a0\u00bbrow\u00a0\u00bb _builder_version=\u00a0\u00bb4.16&Prime; background_size=\u00a0\u00bbinitial\u00a0\u00bb background_position=\u00a0\u00bbtop_left\u00a0\u00bb background_repeat=\u00a0\u00bbrepeat\u00a0\u00bb global_colors_info=\u00a0\u00bb{}\u00a0\u00bb][et_pb_column type=\u00a0\u00bb4_4&Prime; _builder_version=\u00a0\u00bb4.16&Prime; custom_padding=\u00a0\u00bb|||\u00a0\u00bb global_colors_info=\u00a0\u00bb{}\u00a0\u00bb custom_padding__hover=\u00a0\u00bb|||\u00a0\u00bb][et_pb_text content_last_edited=\u00a0\u00bboff|desktop\u00a0\u00bb _builder_version=\u00a0\u00bb4.26.0&Prime; _module_preset=\u00a0\u00bbdefault\u00a0\u00bb hover_enabled=\u00a0\u00bb0&Prime; global_colors_info=\u00a0\u00bb{}\u00a0\u00bb content__hover_enabled=\u00a0\u00bboff|desktop\u00a0\u00bb sticky_enabled=\u00a0\u00bb0&Prime;]<\/p>\n<h1>POLITIQUE DE CONFIDENTIALIT\u00c9<\/h1>\n<p>&nbsp;<\/p>\n<p>La confidentialit\u00e9 et la s\u00e9curit\u00e9 sont des valeurs primordiales de TT GRANOLLERS et, par cons\u00e9quent, nous nous engageons \u00e0 garantir \u00e0 tout moment la confidentialit\u00e9 des donn\u00e9es personnelles de nos clients et \u00e0 ne pas collecter d&rsquo;informations inutiles.<\/p>\n<p>Ensuite, nous vous fournissons toutes les informations n\u00e9cessaires sur notre politique de confidentialit\u00e9 concernant les donn\u00e9es personnelles que nous collectons, en les expliquant :<\/p>\n<ul>\n<li>Qui est responsable du traitement de vos donn\u00e9es.<\/li>\n<li>\u00c0 quelles fins demandons-nous les donn\u00e9es que nous demandons.<\/li>\n<li>Quelle est la l\u00e9gitimit\u00e9 de votre traitement.<\/li>\n<li>Combien de temps les gardons-nous.<\/li>\n<li>\u00c0 quels destinataires vos donn\u00e9es sont-elles communiqu\u00e9es.<\/li>\n<li>Quels sont vos droits.<\/li>\n<\/ul>\n<p>&nbsp;<\/p>\n<h2>Qui est responsable du traitement des donn\u00e9es personnelles ?<\/h2>\n<p>&nbsp;<\/p>\n<p><strong>Raison sociale:<\/strong>\u00a0TRAITEMENTS THERMIQUES GRANOLLERS, S.L. (TT GRANOLLERS)<\/p>\n<p><strong>FNI:<\/strong>\u00a0SEC08301897<\/p>\n<p><strong>Adresse:<\/strong>\u00a0Cam\u00ed del Cementiri 3-5, 08402 Granollers (Barcelona).<\/p>\n<p><strong>Contact:<\/strong>\u00a0ttg@ttgranollers.com<\/p>\n<p><strong>\u00a0<\/strong><\/p>\n<h2>Quels sont les groupes de parties prenantes ?<\/h2>\n<p>&nbsp;<\/p>\n<p>Les donn\u00e9es personnelles trait\u00e9es sont celles de :<\/p>\n<ul>\n<li>Les personnes qui nous ont fourni leurs donn\u00e9es dans les diff\u00e9rents formulaires du site pour poser des questions ou obtenir des informations sur nos services et activit\u00e9s.<\/li>\n<li>Utilisateurs qui visitent le site Web.<\/li>\n<\/ul>\n<p>&nbsp;<\/p>\n<h2>\u00c0 quelles fins et pour quelle l\u00e9gitimit\u00e9 utilisons-nous les donn\u00e9es personnelles ?<\/h2>\n<p>&nbsp;<\/p>\n<p>Chez TT GRANOLLERS, nous traitons les donn\u00e9es personnelles pour r\u00e9pondre aux demandes d&rsquo;informations ou r\u00e9pondre \u00e0 vos demandes.<\/p>\n<p>Ces donn\u00e9es personnelles seront trait\u00e9es pour les finalit\u00e9s l\u00e9gitimes indiqu\u00e9es ci-dessous.<\/p>\n<ul>\n<li><strong>R\u00e9ponse aux demandes d\u2019informations ou de contact<\/strong><\/li>\n<\/ul>\n<p>Chez TT GRANOLLERS, nous utiliserons les donn\u00e9es de contact fournies pour r\u00e9pondre \u00e0 vos demandes et requ\u00eates concernant nos produits et services, qu&rsquo;elles soient effectu\u00e9es via le formulaire disponible sur le site Web ou dirig\u00e9es vers les adresses e-mail de contact publi\u00e9es.<\/p>\n<p><strong>L\u00e9gitimation:<\/strong><\/p>\n<ul>\n<li>Int\u00e9r\u00eat l\u00e9gitime de TT GRANOLLERS pour ce traitement de donn\u00e9es compte tenu des attentes raisonnables des int\u00e9ress\u00e9s de recevoir une r\u00e9ponse \u00e0 leurs demandes.<\/li>\n<li>Consentement librement donn\u00e9 par l&rsquo;int\u00e9ress\u00e9 qui envoie ses donn\u00e9es en utilisant le formulaire pr\u00e9vu sp\u00e9cifiquement \u00e0 cet effet.<\/li>\n<\/ul>\n<p><strong>Donn\u00e9es trait\u00e9es\u00a0:<\/strong><\/p>\n<ul>\n<li style=\"list-style-type: none;\">\n<ul>\n<li>Donn\u00e9es d\u2019identification : Nom et pr\u00e9nom<\/li>\n<li>Coordonn\u00e9es\u00a0: adresse e-mail et num\u00e9ro de t\u00e9l\u00e9phone de contact<\/li>\n<li>Autres : Date, message envoy\u00e9.<\/li>\n<\/ul>\n<\/li>\n<\/ul>\n<p><strong>\u00a0<\/strong><\/p>\n<ul>\n<li><strong>Analyse des visites de sites Web<\/strong><\/li>\n<\/ul>\n<p>TT GRANOLLERS utilise diverses techniques pour collecter des informations permettant d&rsquo;obtenir des donn\u00e9es analytiques sur les visites et la navigation dans les pages de nos sites Internet. Avec l&rsquo;objectif de,<\/p>\n<ul>\n<li>Mesure d&rsquo;audience, page par page<\/li>\n<li>La liste des pages \u00e0 partir desquelles un lien a \u00e9t\u00e9 suivi pour demander la page courante (parfois appel\u00e9e \u00ab r\u00e9f\u00e9rent \u00bb), qu&rsquo;elle soit interne ou externe au site, par page et ajout\u00e9e quotidiennement ;<\/li>\n<li>D\u00e9termination du type d&rsquo;appareil, du navigateur et de la taille de l&rsquo;\u00e9cran des visiteurs, par page et agr\u00e9g\u00e9 quotidiennement<\/li>\n<li>Statistiques de temps de chargement des pages, par page et agr\u00e9g\u00e9es par heure\u00a0;<\/li>\n<li>Statistiques sur le temps pass\u00e9 sur chaque page, le taux de rebond, la profondeur de d\u00e9filement, par page et ajout\u00e9es quotidiennement.<\/li>\n<li>Statistiques sur les actions des utilisateurs (clics, s\u00e9lections), par page et agr\u00e9g\u00e9es quotidiennement\u00a0;<\/li>\n<li>Statistiques sur la zone g\u00e9ographique d&rsquo;origine des demandes, par page et agr\u00e9g\u00e9es quotidiennement.<\/li>\n<\/ul>\n<p>Ces analyses sont soutenues par l&rsquo;utilisation de services externes qui ont leur propre politique de confidentialit\u00e9\u00a0:<\/p>\n<ul>\n<li style=\"list-style-type: none;\">\n<ul>\n<li>Google Analytics (https:\/\/policies.google.com\/technologies\/partner-sites)<\/li>\n<\/ul>\n<\/li>\n<\/ul>\n<p>Il est important de noter que, comme indiqu\u00e9 dans leurs politiques de confidentialit\u00e9, ces soci\u00e9t\u00e9s peuvent croiser les donn\u00e9es de navigation avec leurs enregistrements internes afin de les utiliser pour la personnalisation des publicit\u00e9s, m\u00eame si vous n&rsquo;avez pas de compte enregistr\u00e9 pour leurs services.<br \/><strong>Donn\u00e9es trait\u00e9es\u00a0:<\/strong><\/p>\n<ul>\n<li>Identifiants en ligne, y compris les cookies d&rsquo;identification<\/li>\n<li>adresses de protocole Internet (IP) et identifiants d&rsquo;appareil<\/li>\n<li>identifiants clients<\/li>\n<li>Informations contenues dans les en-t\u00eates HTTP des requ\u00eates envoy\u00e9es sur Internet, telles que le type d&rsquo;appareil, le syst\u00e8me d&rsquo;exploitation et le navigateur \u00e0 partir duquel les pages sont visit\u00e9es.<\/li>\n<li>Informations fournies par le navigateur telles que la langue pr\u00e9f\u00e9r\u00e9e, le fuseau horaire et autres.<\/li>\n<li>Informations g\u00e9ographiques d\u00e9riv\u00e9es de l&rsquo;adresse IP<\/li>\n<li>Donn\u00e9es de navigation sur le site Internet : pages visit\u00e9es<\/li>\n<\/ul>\n<p>Plus d&rsquo;informations dans :<\/p>\n<ul>\n<li>https:\/\/policies.google.com\/technologies\/partner-sites<\/li>\n<\/ul>\n<p>&nbsp;<\/p>\n<p>L\u00e9gitimation:<\/p>\n<ul>\n<li>Int\u00e9r\u00eat l\u00e9gitime de TT GRANOLLERS d&rsquo;obtenir des informations analytiques sur l&rsquo;utilisation du site Internet par les visiteurs.<\/li>\n<\/ul>\n<p>&nbsp;<\/p>\n<p>En plus de ce qui pr\u00e9c\u00e8de, TT GRANOLLERS peut effectuer d&rsquo;autres traitements de donn\u00e9es personnelles. Dans ce cas, l&rsquo;int\u00e9ress\u00e9 recevra les informations n\u00e9cessaires relatives \u00e0 ces traitements et TT GRANOLLERS demandera son consentement si n\u00e9cessaire.<\/p>\n<p>&nbsp;<\/p>\n<p>&nbsp;<\/p>\n<h2>Combien de temps TT GRANOLLERS conservera-t-il les donn\u00e9es ?<\/h2>\n<p>&nbsp;<\/p>\n<p>En g\u00e9n\u00e9ral, les donn\u00e9es seront conserv\u00e9es aussi longtemps que n\u00e9cessaire pour atteindre la finalit\u00e9 pour laquelle elles ont \u00e9t\u00e9 demand\u00e9es et pour d\u00e9terminer les \u00e9ventuelles responsabilit\u00e9s pouvant d\u00e9couler de cette finalit\u00e9 et du traitement des donn\u00e9es.<\/p>\n<p>Entre autres, cela implique que TT GRANOLLERS conservera les donn\u00e9es personnelles des parties int\u00e9ress\u00e9es pendant la dur\u00e9e de la relation avec nous et, le cas \u00e9ch\u00e9ant, pendant la p\u00e9riode n\u00e9cessaire \u00e0 la formulation, \u00e0 l&rsquo;exercice ou \u00e0 la d\u00e9fense d&rsquo;\u00e9ventuelles r\u00e9clamations, ou au respect des obligations l\u00e9gales d\u00e9termin\u00e9es par la l\u00e9gislation applicable.<\/p>\n<p>Dans le cas de donn\u00e9es collect\u00e9es par des tiers tels que Google et Oracle, ils seront r\u00e9gis par les conditions \u00e9tablies par eux dans leurs politiques de confidentialit\u00e9 respectives et la persistance des cookies inform\u00e9s dans notre <strong><u>Politique de cookies<\/u><\/strong>.<\/p>\n<p>&nbsp;<\/p>\n<p>Une fois ce d\u00e9lai expir\u00e9, TT GRANOLLERS s&rsquo;engage \u00e0 cesser le traitement de toutes les donn\u00e9es personnelles, \u00e0 les d\u00e9truire, \u00e0 les bloquer ou \u00e0 les anonymiser dans la mesure du possible au regard des finalit\u00e9s pour lesquelles elles ont \u00e9t\u00e9 conserv\u00e9es.<\/p>\n<p>&nbsp;<\/p>\n<p>&nbsp;<\/p>\n<h2>\u00c0 qui les donn\u00e9es seront-elles communiqu\u00e9es ?<\/h2>\n<p>&nbsp;<\/p>\n<p>Les donn\u00e9es personnelles ne seront pas transf\u00e9r\u00e9es \u00e0 des tiers, sauf si cela est n\u00e9cessaire pour r\u00e9pondre \u00e0 la demande, si nous y sommes oblig\u00e9s par la loi ou si l&rsquo;int\u00e9ress\u00e9 nous a donn\u00e9 son consentement.<\/p>\n<p>Nous pouvons \u00e9galement communiquer les donn\u00e9es \u00e0 des soci\u00e9t\u00e9s qui nous fournissent des services li\u00e9s \u00e0 l&rsquo;activit\u00e9 ordinaire et administrative de l&rsquo;entreprise en tant que responsables du traitement des donn\u00e9es, nationaux ou internationaux, dans le cadre de la fourniture de services tels que, entre autres, les prestataires de services de courrier \u00e9lectronique, h\u00e9bergement de services web, h\u00e9bergement de serveurs, services d&rsquo;applications de gestion en mode SaaS, archivage de fichiers dans le cloud et autres.<\/p>\n<p>&nbsp;<\/p>\n<p>La fourniture de ces services peut impliquer le traitement de donn\u00e9es personnelles par des soci\u00e9t\u00e9s situ\u00e9es dans des pays ext\u00e9rieurs \u00e0 l&rsquo;Espace \u00e9conomique europ\u00e9en (transferts internationaux de donn\u00e9es).Toutefois, cela ne sera effectu\u00e9 qu&rsquo;avec des pays offrant un niveau de protection ad\u00e9quat ou ayant mis \u00e0 notre disposition des clauses contractuelles types (CCT) conform\u00e9ment \u00e0 la d\u00e9cision de la Commission europ\u00e9enne pour les transferts de donn\u00e9es des responsables du traitement dans l&rsquo;UE vers les sous-traitants. \u00e9tablis en dehors de l\u2019UE.<\/p>\n<p>Dans le cas des entit\u00e9s aux \u00c9tats-Unis, nous garantissons qu&rsquo;elles sont couvertes par la d\u00e9cision de la Commission (UE) 2016\/679 du 10 juillet 2023, vous pouvez consulter les entreprises couvertes par le lien suivant :<\/p>\n<p>https:\/\/www.dataprivacyframework.gov\/s\/participant-search<\/p>\n<p>&nbsp;<\/p>\n<p>Les prestataires li\u00e9s au site Internet de TT GRANOLLERS sont list\u00e9s ci-dessous :<\/p>\n<table>\n<tbody>\n<tr>\n<td width=\"160\">Google Inc<\/td>\n<td width=\"434\">\n<p>Fournisseur de services d\u2019analyse de l\u2019utilisation du Web.<\/p>\n<p><a href=\"https:\/\/www.dataprivacyframework.gov\/s\/participant-search\/participant-detail?id=a2zt000000001L5AAI&amp;status=Active\">https:\/\/www.dataprivacyframework.gov\/s\/participant-search\/participant-detail?id=a2zt000000001L5AAI&amp;status=Active<\/a><\/p>\n<p>&nbsp;<\/p>\n<p><a href=\"https:\/\/privacy.google.com\/businesses\/processorterms\/\"><em>https:\/\/privacy.google.com\/businesses\/processorterms\/<\/em><\/a><\/p>\n<\/td>\n<\/tr>\n<\/tbody>\n<\/table>\n<p>&nbsp;<\/p>\n<p>&nbsp;<\/p>\n<h2>Quels sont les droits des personnes int\u00e9ress\u00e9es lorsqu&rsquo;elles nous fournissent leurs donn\u00e9es ?<\/h2>\n<p>&nbsp;<\/p>\n<p>A tout moment, l&rsquo;int\u00e9ress\u00e9 peut exercer ses droits d&rsquo;acc\u00e8s, de rectification, de suppression et de portabilit\u00e9 des donn\u00e9es personnelles trait\u00e9es par TT GRANOLLERS, ainsi que ceux d&rsquo;opposition et de limitation de leur traitement.<\/p>\n<p>Ces droits peuvent \u00eatre exerc\u00e9s gratuitement par l&rsquo;int\u00e9ress\u00e9, et le cas \u00e9ch\u00e9ant par celui qui le repr\u00e9sente, au moyen d&rsquo;une demande \u00e9crite et sign\u00e9e, accompagn\u00e9e d&rsquo;une copie de sa pi\u00e8ce d&rsquo;identit\u00e9 ou d&rsquo;un document \u00e9quivalent prouvant son identit\u00e9, adress\u00e9e \u00e0<\/p>\n<ul>\n<li>Par email\u00a0<strong>ttg@ttgranollers.com<\/strong><\/li>\n<li>Par courrier postal :\u00a0Cam\u00ed del Cementiri 3-5, 08402 Granollers (Barcelona).<\/li>\n<\/ul>\n<p>En cas de repr\u00e9sentation, celle-ci doit \u00eatre prouv\u00e9e par document \u00e9crit et en joignant une copie du DNI ou un document \u00e9quivalent prouvant votre repr\u00e9sentation.<\/p>\n<p>En plus des droits ant\u00e9rieurs, l&rsquo;int\u00e9ress\u00e9 aura le droit de\u00a0<strong>retirer le consentement donn\u00e9<\/strong>\u00a0\u00e0 tout moment par la proc\u00e9dure d\u00e9crite ci-dessus, sans que ce retrait du consentement n&rsquo;affecte la lic\u00e9it\u00e9 du traitement ant\u00e9rieur \u00e0 son retrait.TT GRANOLLERS\u00a0peut continuer \u00e0 traiter les donn\u00e9es personnelles de l&rsquo;int\u00e9ress\u00e9 dans la mesure o\u00f9 la loi applicable le permet ou si toute autre l\u00e9gitimit\u00e9 qui le justifie persiste.<\/p>\n<p>&nbsp;<\/p>\n<p>TT GRANOLLERS rappelle \u00e0 l&rsquo;int\u00e9ress\u00e9 qu&rsquo;il a le droit de d\u00e9poser une r\u00e9clamation aupr\u00e8s de l&rsquo;autorit\u00e9 de contr\u00f4le comp\u00e9tente (Agence espagnole de protection des donn\u00e9es).<\/p>\n<p>&nbsp;<\/p>\n<p>&nbsp;<\/p>\n<h2>Mise \u00e0 jour de vos donn\u00e9es<\/h2>\n<p>&nbsp;<\/p>\n<p>Il est important que, afin que nous puissions maintenir vos donn\u00e9es personnelles \u00e0 jour, vous nous informiez toujours de toute modification de celles-ci. Dans le cas contraire, nous ne sommes pas responsables de leur v\u00e9racit\u00e9 et des implications que cela pourrait avoir sur votre traitement.\u00a0<\/p>\n<p>&nbsp;<\/p>\n<h2>S\u00e9curit\u00e9 dans le traitement et la conservation des donn\u00e9es<\/h2>\n<p>&nbsp;<\/p>\n<p><strong>TT GRANOLLERS<\/strong>\u00a0d\u00e9clare avoir appliqu\u00e9 les mesures techniques et organisationnelles appropri\u00e9es pour garantir et pouvoir d\u00e9montrer que le traitement est conforme \u00e0 la l\u00e9gislation en vigueur et que la protection des droits des parties int\u00e9ress\u00e9es est garantie.<\/p>\n<p>\u00c0 cette fin, il a mis en place un syst\u00e8me de gestion de la protection des donn\u00e9es personnelles pour d\u00e9terminer et appliquer les moyens techniques et organisationnels \u00e0 sa disposition pour pr\u00e9venir la perte, l&rsquo;utilisation abusive, l&rsquo;alt\u00e9ration, l&rsquo;acc\u00e8s non autoris\u00e9 et le vol des donn\u00e9es fournies par les utilisateurs, sans pr\u00e9judice d&rsquo;informer qu&rsquo;Internet les mesures de s\u00e9curit\u00e9 ne sont pas imprenables.<\/p>\n<p>De m\u00eame, TT GRANOLLERS a mis en place des contr\u00f4les internes afin de v\u00e9rifier, \u00e9valuer et appr\u00e9cier r\u00e9guli\u00e8rement l&rsquo;efficacit\u00e9 des mesures techniques et organisationnelles mises en \u0153uvre pour garantir la s\u00e9curit\u00e9 du traitement.<\/p>\n<p>&nbsp;<\/p>\n<p>&nbsp;<\/p>\n<h2>Utilisation de cookies<\/h2>\n<p>&nbsp;<\/p>\n<p>Ce site Web, comme la plupart des sites Web sur Internet, utilise des cookies pour am\u00e9liorer l&rsquo;exp\u00e9rience utilisateur.<\/p>\n<p>Un tour <strong><u>Politique de cookies<\/u><\/strong> Vous trouverez des informations sur ce que sont les cookies, le type de cookies utilis\u00e9 par ce portail, comment d\u00e9sactiver les cookies dans votre navigateur et comment d\u00e9sactiver sp\u00e9cifiquement l&rsquo;installation de cookies tiers.<\/p>\n<p>Veuillez lire notre<strong><u>Politique de cookies<\/u><\/strong>avant de poursuivre votre navigation sur notre site Internet.\u00a0<\/p>\n<p>&nbsp;<\/p>\n<h2>Modification de la politique de confidentialit\u00e9<\/h2>\n<p>&nbsp;<\/p>\n<p>TT GRANOLLERS\u00a0peut modifier sa politique de confidentialit\u00e9 conform\u00e9ment \u00e0 la l\u00e9gislation applicable \u00e0 tout moment.Dans tous les cas, toute modification de la Politique de Confidentialit\u00e9 sera d\u00fbment notifi\u00e9e afin que vous soyez inform\u00e9 des modifications apport\u00e9es au traitement de vos donn\u00e9es personnelles et, si la r\u00e9glementation applicable l&rsquo;exige, l&rsquo;int\u00e9ress\u00e9 puisse confirmer son consentement.<\/p>\n<p>[\/et_pb_text][\/et_pb_column][\/et_pb_row][\/et_pb_section]<\/p>\n","protected":false},"excerpt":{"rendered":"<p>POLITIQUE DE CONFIDENTIALIT\u00c9 &nbsp; La confidentialit\u00e9 et la s\u00e9curit\u00e9 sont des valeurs primordiales de TT GRANOLLERS et, par cons\u00e9quent, nous nous engageons \u00e0 garantir \u00e0 tout moment la confidentialit\u00e9 des donn\u00e9es personnelles de nos clients et \u00e0 ne pas collecter d&rsquo;informations inutiles. Ensuite, nous vous fournissons toutes les informations n\u00e9cessaires sur notre politique de confidentialit\u00e9 [&hellip;]<\/p>\n","protected":false},"author":7,"featured_media":0,"parent":0,"menu_order":0,"comment_status":"closed","ping_status":"closed","template":"","meta":{"_et_pb_use_builder":"on","_et_pb_old_content":"","_et_gb_content_width":"","footnotes":""},"class_list":["post-1187","page","type-page","status-publish","hentry"],"_links":{"self":[{"href":"https:\/\/www.ttgranollers.com\/fr\/wp-json\/wp\/v2\/pages\/1187","targetHints":{"allow":["GET"]}}],"collection":[{"href":"https:\/\/www.ttgranollers.com\/fr\/wp-json\/wp\/v2\/pages"}],"about":[{"href":"https:\/\/www.ttgranollers.com\/fr\/wp-json\/wp\/v2\/types\/page"}],"author":[{"embeddable":true,"href":"https:\/\/www.ttgranollers.com\/fr\/wp-json\/wp\/v2\/users\/7"}],"replies":[{"embeddable":true,"href":"https:\/\/www.ttgranollers.com\/fr\/wp-json\/wp\/v2\/comments?post=1187"}],"version-history":[{"count":11,"href":"https:\/\/www.ttgranollers.com\/fr\/wp-json\/wp\/v2\/pages\/1187\/revisions"}],"predecessor-version":[{"id":2854,"href":"https:\/\/www.ttgranollers.com\/fr\/wp-json\/wp\/v2\/pages\/1187\/revisions\/2854"}],"wp:attachment":[{"href":"https:\/\/www.ttgranollers.com\/fr\/wp-json\/wp\/v2\/media?parent=1187"}],"curies":[{"name":"wp","href":"https:\/\/api.w.org\/{rel}","templated":true}]}}