{"id":1159,"date":"2021-05-31T11:01:21","date_gmt":"2021-05-31T09:01:21","guid":{"rendered":"https:\/\/www.ttgranollers.com\/?page_id=1159"},"modified":"2025-01-28T11:09:39","modified_gmt":"2025-01-28T10:09:39","slug":"home","status":"publish","type":"page","link":"https:\/\/www.ttgranollers.com\/fr\/","title":{"rendered":"Home"},"content":{"rendered":"<p>[et_pb_section fb_built=\u00a0\u00bb1&Prime; fullwidth=\u00a0\u00bbon\u00a0\u00bb _builder_version=\u00a0\u00bb4.16&Prime; _module_preset=\u00a0\u00bbdefault\u00a0\u00bb background_image=\u00a0\u00bbhttps:\/\/www.ttgranollers.com\/wp-content\/uploads\/2021\/09\/tratamiento_termico_1.jpg\u00a0\u00bb global_colors_info=\u00a0\u00bb{}\u00a0\u00bb][et_pb_fullwidth_slider _builder_version=\u00a0\u00bb4.27.4&Prime; _module_preset=\u00a0\u00bbdefault\u00a0\u00bb background_color=\u00a0\u00bbRGBA(0,0,0,0)\u00a0\u00bb background_enable_image=\u00a0\u00bboff\u00a0\u00bb hover_enabled=\u00a0\u00bb0&Prime; global_colors_info=\u00a0\u00bb{}\u00a0\u00bb sticky_enabled=\u00a0\u00bb0&Prime;][et_pb_slide heading=\u00a0\u00bb Traitements thermiques Granollers\u00a0\u00bb button_text=\u00a0\u00bbVisitez nos travaux\u00a0\u00bb button_link=\u00a0\u00bbhttps:\/\/www.ttgranollers.com\/fr\/proyectos\/\u00a0\u00bb _builder_version=\u00a0\u00bb4.27.4&Prime; _module_preset=\u00a0\u00bbdefault\u00a0\u00bb background_color=\u00a0\u00bbRGBA(0,0,0,0)\u00a0\u00bb background_enable_color=\u00a0\u00bbon\u00a0\u00bb background_enable_image=\u00a0\u00bboff\u00a0\u00bb hover_enabled=\u00a0\u00bb0&Prime; global_colors_info=\u00a0\u00bb{}\u00a0\u00bb sticky_transition=\u00a0\u00bbon\u00a0\u00bb sticky_enabled=\u00a0\u00bb0&Prime;]<\/p>\n<p>TTG s.a. Entreprise fond\u00e9e en 1970, se consacre au traitement thermique, au nettoyage de surface et \u00e0 la peinture de toutes sortes de pi\u00e8ces.<\/p>\n<p>[\/et_pb_slide][\/et_pb_fullwidth_slider][\/et_pb_section][et_pb_section fb_built=\u00a0\u00bb1&Prime; _builder_version=\u00a0\u00bb4.16&Prime; _module_preset=\u00a0\u00bbdefault\u00a0\u00bb global_colors_info=\u00a0\u00bb{}\u00a0\u00bb][et_pb_row _builder_version=\u00a0\u00bb4.16&Prime; _module_preset=\u00a0\u00bbdefault\u00a0\u00bb global_colors_info=\u00a0\u00bb{}\u00a0\u00bb][et_pb_column type=\u00a0\u00bb4_4&Prime; _builder_version=\u00a0\u00bb4.16&Prime; _module_preset=\u00a0\u00bbdefault\u00a0\u00bb global_colors_info=\u00a0\u00bb{}\u00a0\u00bb][et_pb_code _builder_version=\u00a0\u00bb4.16&Prime; _module_preset=\u00a0\u00bbdefault\u00a0\u00bb global_colors_info=\u00a0\u00bb{}\u00a0\u00bb]<\/p>\n<h1 style=\"text-align:center;\"><!-- [et_pb_line_break_holder] -->Prenons soin de tout.<!-- [et_pb_line_break_holder] --><\/h1>\n<p><!-- [et_pb_line_break_holder] --><!\u2013- [et_pb_br_holder] -\u2013><!-- [et_pb_line_break_holder] -->[\/et_pb_code][\/et_pb_column][\/et_pb_row][et_pb_row column_structure=\u00a0\u00bb1_3,1_3,1_3&Prime; _builder_version=\u00a0\u00bb4.16&Prime; _module_preset=\u00a0\u00bbdefault\u00a0\u00bb global_colors_info=\u00a0\u00bb{}\u00a0\u00bb][et_pb_column type=\u00a0\u00bb1_3&Prime; _builder_version=\u00a0\u00bb4.16&Prime; _module_preset=\u00a0\u00bbdefault\u00a0\u00bb global_colors_info=\u00a0\u00bb{}\u00a0\u00bb][et_pb_blurb title=\u00a0\u00bb Traitements thermiques\u00a0\u00bb url=\u00a0\u00bbhttps:\/\/www.ttgranollers.com\/servicios\/tratamientos-termicos\/\u00a0\u00bb _builder_version=\u00a0\u00bb4.16&Prime; _module_preset=\u00a0\u00bbdefault\u00a0\u00bb header_level=\u00a0\u00bbh3&Prime; header_text_color=\u00a0\u00bb#000000&Prime; background_color=\u00a0\u00bb#F7B500&Prime; background_layout=\u00a0\u00bbdark\u00a0\u00bb height=\u00a0\u00bb260px\u00a0\u00bb global_colors_info=\u00a0\u00bb{}\u00a0\u00bb]<\/p>\n<p><span style=\"color: #333333;\">Sp\u00e9cialistes des traitements thermiques<\/span><\/p>\n<p><span style=\"color: #333333;\">Stabilis\u00e9 ou anti-stress<\/span><br \/><span style=\"color: #333333;\">Recuit<\/span><br \/><span style=\"color: #333333;\">Normalis\u00e9<\/span><br \/><span style=\"color: #333333;\">Dilatations<\/span><br \/><span style=\"color: #333333;\">Traitements sp\u00e9ciaux selon client<\/span><\/p>\n<p>[\/et_pb_blurb][et_pb_button button_url=\u00a0\u00bbhttps:\/\/www.ttgranollers.com\/fr\/services\/traitements-thermiques\/\u00a0\u00bb button_text=\u00a0\u00bb Voir plus\u00a0\u00bb _builder_version=\u00a0\u00bb4.27.4&Prime; _module_preset=\u00a0\u00bbdefault\u00a0\u00bb custom_button=\u00a0\u00bbon\u00a0\u00bb button_text_color=\u00a0\u00bb#000000&Prime; button_bg_color=\u00a0\u00bb#f7b500&Prime; global_colors_info=\u00a0\u00bb{}\u00a0\u00bb][\/et_pb_button][\/et_pb_column][et_pb_column type=\u00a0\u00bb1_3&Prime; _builder_version=\u00a0\u00bb4.16&Prime; _module_preset=\u00a0\u00bbdefault\u00a0\u00bb global_colors_info=\u00a0\u00bb{}\u00a0\u00bb][et_pb_blurb title=\u00a0\u00bb Traitements thermiques in situ\u00a0\u00bb url=\u00a0\u00bbhttps:\/\/www.ttgranollers.com\/servicios\/tratamientos-termicos-in-situ\/\u00a0\u00bb _builder_version=\u00a0\u00bb4.16&Prime; _module_preset=\u00a0\u00bbdefault\u00a0\u00bb header_level=\u00a0\u00bbh3&Prime; header_text_color=\u00a0\u00bb#000000&Prime; background_color=\u00a0\u00bb#F7B500&Prime; background_layout=\u00a0\u00bbdark\u00a0\u00bb height=\u00a0\u00bb260px\u00a0\u00bb global_colors_info=\u00a0\u00bb{}\u00a0\u00bb]<\/p>\n<p><span style=\"color: #333333;\">Sp\u00e9cialistes des pi\u00e8ces de grand volume au moyen d&rsquo;un four modulable selon les dimensions de la pi\u00e8ce.<\/span><\/p>\n<p>[\/et_pb_blurb][et_pb_button button_url=\u00a0\u00bbhttps:\/\/www.ttgranollers.com\/fr\/services\/traitements-thermiques-sur-site\/\u00a0\u00bb button_text=\u00a0\u00bb Voir plus\u00a0\u00bb _builder_version=\u00a0\u00bb4.27.4&Prime; _module_preset=\u00a0\u00bbdefault\u00a0\u00bb custom_button=\u00a0\u00bbon\u00a0\u00bb button_text_color=\u00a0\u00bb#000000&Prime; button_bg_color=\u00a0\u00bb#f7b500&Prime; global_colors_info=\u00a0\u00bb{}\u00a0\u00bb][\/et_pb_button][\/et_pb_column][et_pb_column type=\u00a0\u00bb1_3&Prime; _builder_version=\u00a0\u00bb4.16&Prime; _module_preset=\u00a0\u00bbdefault\u00a0\u00bb global_colors_info=\u00a0\u00bb{}\u00a0\u00bb][et_pb_blurb title=\u00a0\u00bb Grenaillage\u00a0\u00bb url=\u00a0\u00bbhttps:\/\/www.ttgranollers.com\/servicios\/granallado\/\u00a0\u00bb _builder_version=\u00a0\u00bb4.16&Prime; _module_preset=\u00a0\u00bbdefault\u00a0\u00bb header_level=\u00a0\u00bbh3&Prime; header_font=\u00a0\u00bb||||||||\u00a0\u00bb header_text_color=\u00a0\u00bb#000000&Prime; background_color=\u00a0\u00bb#F7B500&Prime; background_layout=\u00a0\u00bbdark\u00a0\u00bb height=\u00a0\u00bb260px\u00a0\u00bb global_colors_info=\u00a0\u00bb{}\u00a0\u00bb]<\/p>\n<p><span style=\"color: #333333;\">Sp\u00e9cialistes du nettoyage des surfaces en acier au carbone en utilisant une boule d&rsquo;angle en acier ou une boule sph\u00e9rique en acier comme abrasif.<\/span><\/p>\n<p><span style=\"color: #333333;\">Possibilit\u00e9 d&rsquo;utiliser tout type et mesure d&rsquo;abrasif \u00e0 usage unique.<\/span><\/p>\n<p>[\/et_pb_blurb][et_pb_button button_url=\u00a0\u00bbhttps:\/\/www.ttgranollers.com\/fr\/services\/grenaillage\/\u00a0\u00bb button_text=\u00a0\u00bbVoir plus\u00a0\u00bb _builder_version=\u00a0\u00bb4.27.4&Prime; _module_preset=\u00a0\u00bbdefault\u00a0\u00bb custom_button=\u00a0\u00bbon\u00a0\u00bb button_text_color=\u00a0\u00bb#000000&Prime; button_bg_color=\u00a0\u00bb#f7b500&Prime; global_colors_info=\u00a0\u00bb{}\u00a0\u00bb][\/et_pb_button][\/et_pb_column][\/et_pb_row][et_pb_row column_structure=\u00a0\u00bb1_3,1_3,1_3&Prime; _builder_version=\u00a0\u00bb4.16&Prime; _module_preset=\u00a0\u00bbdefault\u00a0\u00bb global_colors_info=\u00a0\u00bb{}\u00a0\u00bb][et_pb_column type=\u00a0\u00bb1_3&Prime; _builder_version=\u00a0\u00bb4.16&Prime; _module_preset=\u00a0\u00bbdefault\u00a0\u00bb global_colors_info=\u00a0\u00bb{}\u00a0\u00bb][et_pb_blurb title=\u00a0\u00bbD\u00c9CAPAGE AU JET INOXYDABLE\u00a0\u00bb url=\u00a0\u00bbhttps:\/\/www.ttgranollers.com\/servicios\/chorreado-de-inoxidable\/\u00a0\u00bb _builder_version=\u00a0\u00bb4.16&Prime; _module_preset=\u00a0\u00bbdefault\u00a0\u00bb header_level=\u00a0\u00bbh3&Prime; header_text_color=\u00a0\u00bb#000000&Prime; background_color=\u00a0\u00bb#F7B500&Prime; background_layout=\u00a0\u00bbdark\u00a0\u00bb height=\u00a0\u00bb260px\u00a0\u00bb global_colors_info=\u00a0\u00bb{}\u00a0\u00bb]<\/p>\n<p><span style=\"color: #333333;\">Sp\u00e9cialistes du nettoyage de surfaces sur pi\u00e8ces en acier inoxydable et aluminium en utilisant une microsph\u00e8re de verre ou d&rsquo;olivine comme abrasif.<\/span><\/p>\n<p><span style=\"color: #333333;\">Possibilit\u00e9 d&rsquo;utiliser tout type et mesure d&rsquo;abrasif \u00e0 usage unique.<\/span><\/p>\n<p>[\/et_pb_blurb][et_pb_button button_url=\u00a0\u00bbhttps:\/\/www.ttgranollers.com\/fr\/services\/decapage-au-jet-inox\/\u00a0\u00bb button_text=\u00a0\u00bbVoir plus\u00a0\u00bb _builder_version=\u00a0\u00bb4.27.4&Prime; _module_preset=\u00a0\u00bbdefault\u00a0\u00bb custom_button=\u00a0\u00bbon\u00a0\u00bb button_text_color=\u00a0\u00bb#000000&Prime; button_bg_color=\u00a0\u00bb#f7b500&Prime; global_colors_info=\u00a0\u00bb{}\u00a0\u00bb][\/et_pb_button][\/et_pb_column][et_pb_column type=\u00a0\u00bb1_3&Prime; _builder_version=\u00a0\u00bb4.16&Prime; _module_preset=\u00a0\u00bbdefault\u00a0\u00bb global_colors_info=\u00a0\u00bb{}\u00a0\u00bb][et_pb_blurb title=\u00a0\u00bbPeint\u00a0\u00bb url=\u00a0\u00bbhttps:\/\/www.ttgranollers.com\/servicios\/pintado\/\u00a0\u00bb _builder_version=\u00a0\u00bb4.16&Prime; _module_preset=\u00a0\u00bbdefault\u00a0\u00bb header_level=\u00a0\u00bbh3&Prime; header_text_color=\u00a0\u00bb#000000&Prime; background_color=\u00a0\u00bb#F7B500&Prime; background_layout=\u00a0\u00bbdark\u00a0\u00bb height=\u00a0\u00bb260px\u00a0\u00bb global_colors_info=\u00a0\u00bb{}\u00a0\u00bb]<\/p>\n<p><span style=\"color: #333333;\">Sp\u00e9cialistes de la peinture de surfaces, de l&rsquo;application de toutes sortes de peintures liquides, ainsi que de l&rsquo;adaptation aux sp\u00e9cifications et aux proc\u00e9d\u00e9s de peinture selon le client.<\/span><\/p>\n<p>[\/et_pb_blurb][et_pb_button button_url=\u00a0\u00bbhttps:\/\/www.ttgranollers.com\/fr\/services\/peint\/\u00a0\u00bb button_text=\u00a0\u00bbVoir plus\u00a0\u00bb _builder_version=\u00a0\u00bb4.27.4&Prime; _module_preset=\u00a0\u00bbdefault\u00a0\u00bb custom_button=\u00a0\u00bbon\u00a0\u00bb button_text_color=\u00a0\u00bb#000000&Prime; button_bg_color=\u00a0\u00bb#f7b500&Prime; global_colors_info=\u00a0\u00bb{}\u00a0\u00bb][\/et_pb_button][\/et_pb_column][et_pb_column type=\u00a0\u00bb1_3&Prime; _builder_version=\u00a0\u00bb4.16&Prime; _module_preset=\u00a0\u00bbdefault\u00a0\u00bb global_colors_info=\u00a0\u00bb{}\u00a0\u00bb][\/et_pb_column][\/et_pb_row][\/et_pb_section]<\/p>\n","protected":false},"excerpt":{"rendered":"<p>TTG s.a. Entreprise fond\u00e9e en 1970, se consacre au traitement thermique, au nettoyage de surface et \u00e0 la peinture de toutes sortes de pi\u00e8ces.Sp\u00e9cialistes des traitements thermiques Stabilis\u00e9 ou anti-stressRecuitNormalis\u00e9DilatationsTraitements sp\u00e9ciaux selon clientSp\u00e9cialistes des pi\u00e8ces de grand volume au moyen d&rsquo;un four modulable selon les dimensions de la pi\u00e8ce.Sp\u00e9cialistes du nettoyage des surfaces en acier [&hellip;]<\/p>\n","protected":false},"author":7,"featured_media":0,"parent":0,"menu_order":0,"comment_status":"closed","ping_status":"closed","template":"","meta":{"_et_pb_use_builder":"on","_et_pb_old_content":"","_et_gb_content_width":"","footnotes":""},"class_list":["post-1159","page","type-page","status-publish","hentry"],"_links":{"self":[{"href":"https:\/\/www.ttgranollers.com\/fr\/wp-json\/wp\/v2\/pages\/1159","targetHints":{"allow":["GET"]}}],"collection":[{"href":"https:\/\/www.ttgranollers.com\/fr\/wp-json\/wp\/v2\/pages"}],"about":[{"href":"https:\/\/www.ttgranollers.com\/fr\/wp-json\/wp\/v2\/types\/page"}],"author":[{"embeddable":true,"href":"https:\/\/www.ttgranollers.com\/fr\/wp-json\/wp\/v2\/users\/7"}],"replies":[{"embeddable":true,"href":"https:\/\/www.ttgranollers.com\/fr\/wp-json\/wp\/v2\/comments?post=1159"}],"version-history":[{"count":12,"href":"https:\/\/www.ttgranollers.com\/fr\/wp-json\/wp\/v2\/pages\/1159\/revisions"}],"predecessor-version":[{"id":2902,"href":"https:\/\/www.ttgranollers.com\/fr\/wp-json\/wp\/v2\/pages\/1159\/revisions\/2902"}],"wp:attachment":[{"href":"https:\/\/www.ttgranollers.com\/fr\/wp-json\/wp\/v2\/media?parent=1159"}],"curies":[{"name":"wp","href":"https:\/\/api.w.org\/{rel}","templated":true}]}}